{"id":329,"date":"2021-11-11T15:55:07","date_gmt":"2021-11-11T15:55:07","guid":{"rendered":"https:\/\/uniqueplastering.com\/acerca-de\/"},"modified":"2022-09-06T21:36:17","modified_gmt":"2022-09-06T21:36:17","slug":"acerca-de","status":"publish","type":"page","link":"https:\/\/uniqueplastering.com\/es\/acerca-de\/","title":{"rendered":"Acerca de"},"content":{"rendered":"<div id=\"cs-content\" class=\"cs-content\"><\/div>\n","protected":false},"excerpt":{"rendered":"<p>Sobre nosotros Nuestros competentes equipos est\u00e1n ayudando a construir una de las regiones de m\u00e1s r\u00e1pido crecimiento del pa\u00eds.LiderazgoUnete a nuestro equipoSobre nosotros Our capable teams are helping build one of the fastest growing regions in the country.LiderazgoSalt Lake City Sedes corporativas Detalles de la oficinaOfertas de trabajoSan Jorge Suroeste de Utah Detalles de la oficinaOfertas de trabajoEquipo de liderazgo &#8230; <a href=\"https:\/\/uniqueplastering.com\/es\/acerca-de\/\" class=\"more-link\">Read More<\/a><\/p>\n","protected":false},"author":3,"featured_media":0,"parent":0,"menu_order":0,"comment_status":"closed","ping_status":"closed","template":"template-blank-4.php","meta":{"footnotes":""},"class_list":["post-329","page","type-page","status-publish","hentry","no-post-thumbnail"],"yoast_head":"<!-- This site is optimized with the Yoast SEO plugin v27.3 - https:\/\/yoast.com\/product\/yoast-seo-wordpress\/ -->\n<title>Acerca de &#8211; Unique Custom Exteriors<\/title>\n<meta name=\"robots\" content=\"index, follow, max-snippet:-1, max-image-preview:large, max-video-preview:-1\" \/>\n<link rel=\"canonical\" href=\"https:\/\/uniqueplastering.com\/es\/acerca-de\/\" \/>\n<meta property=\"og:locale\" content=\"es_ES\" \/>\n<meta property=\"og:type\" content=\"article\" \/>\n<meta property=\"og:title\" content=\"Acerca de &#8211; Unique Custom Exteriors\" \/>\n<meta property=\"og:description\" content=\"Sobre nosotros Nuestros competentes equipos est\u00e1n ayudando a construir una de las regiones de m\u00e1s r\u00e1pido crecimiento del pa\u00eds.LiderazgoUnete a nuestro equipoSobre nosotros Our capable teams are helping build one of the fastest growing regions in the country.LiderazgoSalt Lake City Sedes corporativas Detalles de la oficinaOfertas de trabajoSan Jorge Suroeste de Utah Detalles de la oficinaOfertas de trabajoEquipo de liderazgo ... Read More\" \/>\n<meta property=\"og:url\" content=\"https:\/\/uniqueplastering.com\/es\/acerca-de\/\" \/>\n<meta property=\"og:site_name\" content=\"Unique Custom Exteriors\" \/>\n<meta property=\"article:modified_time\" content=\"2022-09-06T21:36:17+00:00\" \/>\n<meta property=\"og:image\" content=\"https:\/\/uniqueplastering.com\/wp-content\/uploads\/2022\/02\/unique-custom-exteriors-sc.jpg\" \/>\n\t<meta property=\"og:image:width\" content=\"1400\" \/>\n\t<meta property=\"og:image:height\" content=\"800\" \/>\n\t<meta property=\"og:image:type\" content=\"image\/jpeg\" \/>\n<meta name=\"twitter:card\" content=\"summary_large_image\" \/>\n<meta name=\"twitter:label1\" content=\"Est. reading time\" \/>\n\t<meta name=\"twitter:data1\" content=\"5 minutes\" \/>\n<script type=\"application\/ld+json\" class=\"yoast-schema-graph\">{\"@context\":\"https:\\\/\\\/schema.org\",\"@graph\":[{\"@type\":\"WebPage\",\"@id\":\"https:\\\/\\\/uniqueplastering.com\\\/es\\\/acerca-de\\\/\",\"url\":\"https:\\\/\\\/uniqueplastering.com\\\/es\\\/acerca-de\\\/\",\"name\":\"Acerca de &#8211; Unique Custom Exteriors\",\"isPartOf\":{\"@id\":\"https:\\\/\\\/uniqueplastering.com\\\/es\\\/#website\"},\"datePublished\":\"2021-11-11T15:55:07+00:00\",\"dateModified\":\"2022-09-06T21:36:17+00:00\",\"breadcrumb\":{\"@id\":\"https:\\\/\\\/uniqueplastering.com\\\/es\\\/acerca-de\\\/#breadcrumb\"},\"inLanguage\":\"es-ES\",\"potentialAction\":[{\"@type\":\"ReadAction\",\"target\":[\"https:\\\/\\\/uniqueplastering.com\\\/es\\\/acerca-de\\\/\"]}]},{\"@type\":\"BreadcrumbList\",\"@id\":\"https:\\\/\\\/uniqueplastering.com\\\/es\\\/acerca-de\\\/#breadcrumb\",\"itemListElement\":[{\"@type\":\"ListItem\",\"position\":1,\"name\":\"Home\",\"item\":\"https:\\\/\\\/uniqueplastering.com\\\/es\\\/\"},{\"@type\":\"ListItem\",\"position\":2,\"name\":\"Acerca de\"}]},{\"@type\":\"WebSite\",\"@id\":\"https:\\\/\\\/uniqueplastering.com\\\/es\\\/#website\",\"url\":\"https:\\\/\\\/uniqueplastering.com\\\/es\\\/\",\"name\":\"Unique Custom Exteriors\",\"description\":\"Commercial Exterior Services Commercial Contractor in Utah. Masonry, siding, stucco and deck coverings.\",\"publisher\":{\"@id\":\"https:\\\/\\\/uniqueplastering.com\\\/es\\\/#organization\"},\"potentialAction\":[{\"@type\":\"SearchAction\",\"target\":{\"@type\":\"EntryPoint\",\"urlTemplate\":\"https:\\\/\\\/uniqueplastering.com\\\/es\\\/?s={search_term_string}\"},\"query-input\":{\"@type\":\"PropertyValueSpecification\",\"valueRequired\":true,\"valueName\":\"search_term_string\"}}],\"inLanguage\":\"es-ES\"},{\"@type\":\"Organization\",\"@id\":\"https:\\\/\\\/uniqueplastering.com\\\/es\\\/#organization\",\"name\":\"Unique Custom Exteriors\",\"url\":\"https:\\\/\\\/uniqueplastering.com\\\/es\\\/\",\"logo\":{\"@type\":\"ImageObject\",\"inLanguage\":\"es-ES\",\"@id\":\"https:\\\/\\\/uniqueplastering.com\\\/es\\\/#\\\/schema\\\/logo\\\/image\\\/\",\"url\":\"https:\\\/\\\/uniqueplastering.com\\\/wp-content\\\/uploads\\\/2022\\\/01\\\/unique-custom-exteriors-logo.jpg\",\"contentUrl\":\"https:\\\/\\\/uniqueplastering.com\\\/wp-content\\\/uploads\\\/2022\\\/01\\\/unique-custom-exteriors-logo.jpg\",\"width\":600,\"height\":183,\"caption\":\"Unique Custom Exteriors\"},\"image\":{\"@id\":\"https:\\\/\\\/uniqueplastering.com\\\/es\\\/#\\\/schema\\\/logo\\\/image\\\/\"}}]}<\/script>\n<!-- \/ Yoast SEO plugin. -->","yoast_head_json":{"title":"Acerca de &#8211; Unique Custom Exteriors","robots":{"index":"index","follow":"follow","max-snippet":"max-snippet:-1","max-image-preview":"max-image-preview:large","max-video-preview":"max-video-preview:-1"},"canonical":"https:\/\/uniqueplastering.com\/es\/acerca-de\/","og_locale":"es_ES","og_type":"article","og_title":"Acerca de &#8211; Unique Custom Exteriors","og_description":"Sobre nosotros Nuestros competentes equipos est\u00e1n ayudando a construir una de las regiones de m\u00e1s r\u00e1pido crecimiento del pa\u00eds.LiderazgoUnete a nuestro equipoSobre nosotros Our capable teams are helping build one of the fastest growing regions in the country.LiderazgoSalt Lake City Sedes corporativas Detalles de la oficinaOfertas de trabajoSan Jorge Suroeste de Utah Detalles de la oficinaOfertas de trabajoEquipo de liderazgo ... Read More","og_url":"https:\/\/uniqueplastering.com\/es\/acerca-de\/","og_site_name":"Unique Custom Exteriors","article_modified_time":"2022-09-06T21:36:17+00:00","og_image":[{"width":1400,"height":800,"url":"https:\/\/uniqueplastering.com\/wp-content\/uploads\/2022\/02\/unique-custom-exteriors-sc.jpg","type":"image\/jpeg"}],"twitter_card":"summary_large_image","twitter_misc":{"Est. reading time":"5 minutes"},"schema":{"@context":"https:\/\/schema.org","@graph":[{"@type":"WebPage","@id":"https:\/\/uniqueplastering.com\/es\/acerca-de\/","url":"https:\/\/uniqueplastering.com\/es\/acerca-de\/","name":"Acerca de &#8211; Unique Custom Exteriors","isPartOf":{"@id":"https:\/\/uniqueplastering.com\/es\/#website"},"datePublished":"2021-11-11T15:55:07+00:00","dateModified":"2022-09-06T21:36:17+00:00","breadcrumb":{"@id":"https:\/\/uniqueplastering.com\/es\/acerca-de\/#breadcrumb"},"inLanguage":"es-ES","potentialAction":[{"@type":"ReadAction","target":["https:\/\/uniqueplastering.com\/es\/acerca-de\/"]}]},{"@type":"BreadcrumbList","@id":"https:\/\/uniqueplastering.com\/es\/acerca-de\/#breadcrumb","itemListElement":[{"@type":"ListItem","position":1,"name":"Home","item":"https:\/\/uniqueplastering.com\/es\/"},{"@type":"ListItem","position":2,"name":"Acerca de"}]},{"@type":"WebSite","@id":"https:\/\/uniqueplastering.com\/es\/#website","url":"https:\/\/uniqueplastering.com\/es\/","name":"Unique Custom Exteriors","description":"Commercial Exterior Services Commercial Contractor in Utah. Masonry, siding, stucco and deck coverings.","publisher":{"@id":"https:\/\/uniqueplastering.com\/es\/#organization"},"potentialAction":[{"@type":"SearchAction","target":{"@type":"EntryPoint","urlTemplate":"https:\/\/uniqueplastering.com\/es\/?s={search_term_string}"},"query-input":{"@type":"PropertyValueSpecification","valueRequired":true,"valueName":"search_term_string"}}],"inLanguage":"es-ES"},{"@type":"Organization","@id":"https:\/\/uniqueplastering.com\/es\/#organization","name":"Unique Custom Exteriors","url":"https:\/\/uniqueplastering.com\/es\/","logo":{"@type":"ImageObject","inLanguage":"es-ES","@id":"https:\/\/uniqueplastering.com\/es\/#\/schema\/logo\/image\/","url":"https:\/\/uniqueplastering.com\/wp-content\/uploads\/2022\/01\/unique-custom-exteriors-logo.jpg","contentUrl":"https:\/\/uniqueplastering.com\/wp-content\/uploads\/2022\/01\/unique-custom-exteriors-logo.jpg","width":600,"height":183,"caption":"Unique Custom Exteriors"},"image":{"@id":"https:\/\/uniqueplastering.com\/es\/#\/schema\/logo\/image\/"}}]}},"_links":{"self":[{"href":"https:\/\/uniqueplastering.com\/es\/wp-json\/wp\/v2\/pages\/329","targetHints":{"allow":["GET"]}}],"collection":[{"href":"https:\/\/uniqueplastering.com\/es\/wp-json\/wp\/v2\/pages"}],"about":[{"href":"https:\/\/uniqueplastering.com\/es\/wp-json\/wp\/v2\/types\/page"}],"author":[{"embeddable":true,"href":"https:\/\/uniqueplastering.com\/es\/wp-json\/wp\/v2\/users\/3"}],"replies":[{"embeddable":true,"href":"https:\/\/uniqueplastering.com\/es\/wp-json\/wp\/v2\/comments?post=329"}],"version-history":[{"count":0,"href":"https:\/\/uniqueplastering.com\/es\/wp-json\/wp\/v2\/pages\/329\/revisions"}],"wp:attachment":[{"href":"https:\/\/uniqueplastering.com\/es\/wp-json\/wp\/v2\/media?parent=329"}],"curies":[{"name":"wp","href":"https:\/\/api.w.org\/{rel}","templated":true}]}}